{"id":567,"date":"2018-03-22T00:21:21","date_gmt":"2018-03-21T23:21:21","guid":{"rendered":"http:\/\/dhknaack.de\/?page_id=567"},"modified":"2018-03-29T16:32:59","modified_gmt":"2018-03-29T14:32:59","slug":"sachverstaendigenkosten","status":"publish","type":"page","link":"https:\/\/dhknaack.de\/index.php\/sachverstaendigenkosten\/","title":{"rendered":"Sachverst\u00e4ndigenkosten"},"content":{"rendered":"<h4 style=\"text-align: left;\"><span style=\"font-family: arial, helvetica, sans-serif; color: #000000;\"><strong><span style=\"text-decoration: underline;\">Sachverst\u00e4ndigenkosten<\/span><\/strong>: <\/span><\/h4>\n<h4 style=\"text-align: left;\"><span style=\"color: #000000;\"><span style=\"font-family: arial, helvetica, sans-serif;\">Wer unverschuldet in einen Unfall verwickelt wird, hat Anspruch auf <\/span><span style=\"font-family: arial, helvetica, sans-serif;\">Inanspruchnahme eines eigenen,<br \/>\nunabh\u00e4ngigen Kfz-Sachverst\u00e4ndigen, zur<\/span> <span style=\"font-family: arial, helvetica, sans-serif;\">Beweissicherung, Feststellung des Schadens und Kalkulation des <\/span><span style=\"font-family: arial, helvetica, sans-serif;\">Schadensumfanges. <\/span><span style=\"font-family: arial, helvetica, sans-serif;\">Dies gilt auch, wenn die eintrittspflichtige Versicherung des Unfallgegners bereits<\/span> <span style=\"font-family: arial, helvetica, sans-serif;\">einen Kfz-Sachverst\u00e4ndigen beauftrag hat, oder wenn bereits ein Gutachten im Auftrag der Versicherung erstellt wurde.<\/span> <span style=\"font-family: arial, helvetica, sans-serif;\">Die Kosten f\u00fcr das Gutachten im Auftrag des Gesch\u00e4digten geh\u00f6ren zum Gesamtschaden und m\u00fcssen von der eintrittspflichtigen Versicherung des Unfallgegners nach geltender Rechtsprechung \u00fcbernommen werden. Nach einem Unfallschaden sollte das Fahrzeug, aus Gr\u00fcnden der Beweissicherung, grunds\u00e4tzlich durch einen unabh\u00e4ngigen Kfz-Sachverst\u00e4ndigen besichtigt werden. <\/span> <span style=\"font-family: arial, helvetica, sans-serif;\">Im Rahmen der Besichtigung entscheidet sich dann die weitere Vorgehensweise. Aus Gr\u00fcnden der Verh\u00e4ltnism\u00e4\u00dfigkeit sollte ein Schadensgutachten erst ab einem Fahrzeugschaden von ca. Euro 700,&#8211; erstellt werden, ansonsten erstelle ich einen<\/span> <span style=\"font-family: arial, helvetica, sans-serif;\">Kostenvoranschlag. Die Kosten hierf\u00fcr k\u00f6nnen, wie die Kosten f\u00fcr ein Gutachten, bei der gegnerischen<\/span> <span style=\"font-family: arial, helvetica, sans-serif;\">Versicherung geltend gemacht werden. Die Sachbearbeiter bei den Versicherern kennen die Rechte der Gesch\u00e4digten sehr genau, versuchen jedoch im Rahmen von Kosteneinsparungen (Schadensmanagement) den Gesch\u00e4digten von seinen Rechten abzubringen.<\/span> <span style=\"font-family: arial, helvetica, sans-serif;\">Beim Erstkontakt wird dem Gesch\u00e4digten in der Regel mitgeteilt, dass die Versicherung ggf. eintrittspflichtig sei und den Schaden ohne Probleme regulieren werde. Diese Anrufer der Versicherung sind speziell geschulte, besonders freundliche<\/span> <span style=\"font-family: arial, helvetica, sans-serif;\">Mitarbeiter\u00a0 ohne Kompetenz bei der weiteren Schadenabwicklung. <\/span><\/span><\/h4>\n<h4 style=\"text-align: left;\"><span style=\"color: #000000;\">Im Rahmen dieses Gespr\u00e4ches wird dem Gesch\u00e4digten fast immer ein \u201eKomplettservice\u201c angeboten. Dieser Service enth\u00e4lt einen\u00a0 \u201eSachverst\u00e4ndigen\u201c der Versicherung, eine Mietwagenfirma und die Auswahl einer Reparaturfirma, die nat\u00fcrlich auch Vertragsbetriebe der Versicherung sind. Dieser \u201efreundliche Fullservice\u201c der Versicherung hat nur ein einziges Ziel. Man will die eigenen Vertragspartner ins \u201eSpiel\u201c bringen, um mit diesen die Kosten des Schadens f\u00fcr die Versicherung zu \u201edr\u00fccken\u201c. Teilweise gnadenlos und stets auf Kosten der Gesch\u00e4digten. Es ist Absicht der Versicherer die unabh\u00e4ngigen Unfallexperten wie Kfz- Sachverst\u00e4ndige und Rechtsanw\u00e4lte bereits im Vorfeld auszuschalten \u2013 mit weitreichenden Folgen f\u00fcr die weitere Schadensabwicklung<\/span><\/h4>\n<h4 style=\"text-align: justify;\"><span style=\"color: #000000;\"><em>Bei einem unverschuldeten Unfall sollte der Gesch\u00e4digte, aus Gr\u00fcnden der <\/em><\/span><\/h4>\n<h4 style=\"text-align: justify;\"><span style=\"color: #000000;\"><em>Beweissicherung sowie einer objektiven und unabh\u00e4ngigen Schadensermittlung,<\/em><\/span><\/h4>\n<h4 style=\"text-align: justify;\"><span style=\"color: #000000;\"><em>immer einen eigenen Kfz-Sachverst\u00e4ndigen beauftragen.<\/em><\/span><\/h4>\n<pre><span style=\"font-family: arial, helvetica, sans-serif;\">\u00a0<\/span><\/pre>\n<div style=\"margin:10px 0 10px 0;\"><a href=\"whatsapp:\/\/send\" data-text=\"Sachverst\u00e4ndigenkosten\" data-href=\"\" class=\"wa_btn wa_btn_l\" style=\"display:none\">Share<\/a><\/div>","protected":false},"excerpt":{"rendered":"<p>Sachverst\u00e4ndigenkosten: Wer unverschuldet in einen Unfall verwickelt wird, hat Anspruch auf Inanspruchnahme eines eigenen, unabh\u00e4ngigen Kfz-Sachverst\u00e4ndigen, zur Beweissicherung, Feststellung des Schadens und Kalkulation des Schadensumfanges. Dies gilt auch, wenn die eintrittspflichtige Versicherung des Unfallgegners bereits einen Kfz-Sachverst\u00e4ndigen beauftrag hat, oder wenn bereits ein Gutachten im Auftrag der Versicherung erstellt wurde. Die Kosten f\u00fcr das Gutachten [&hellip;]<\/p>\n","protected":false},"author":1,"featured_media":0,"parent":0,"menu_order":0,"comment_status":"closed","ping_status":"closed","template":"","meta":{"footnotes":""},"class_list":["post-567","page","type-page","status-publish","hentry"],"_links":{"self":[{"href":"https:\/\/dhknaack.de\/index.php\/wp-json\/wp\/v2\/pages\/567","targetHints":{"allow":["GET"]}}],"collection":[{"href":"https:\/\/dhknaack.de\/index.php\/wp-json\/wp\/v2\/pages"}],"about":[{"href":"https:\/\/dhknaack.de\/index.php\/wp-json\/wp\/v2\/types\/page"}],"author":[{"embeddable":true,"href":"https:\/\/dhknaack.de\/index.php\/wp-json\/wp\/v2\/users\/1"}],"replies":[{"embeddable":true,"href":"https:\/\/dhknaack.de\/index.php\/wp-json\/wp\/v2\/comments?post=567"}],"version-history":[{"count":4,"href":"https:\/\/dhknaack.de\/index.php\/wp-json\/wp\/v2\/pages\/567\/revisions"}],"predecessor-version":[{"id":585,"href":"https:\/\/dhknaack.de\/index.php\/wp-json\/wp\/v2\/pages\/567\/revisions\/585"}],"wp:attachment":[{"href":"https:\/\/dhknaack.de\/index.php\/wp-json\/wp\/v2\/media?parent=567"}],"curies":[{"name":"wp","href":"https:\/\/api.w.org\/{rel}","templated":true}]}}