{"id":501,"date":"2018-03-19T12:37:24","date_gmt":"2018-03-19T11:37:24","guid":{"rendered":"http:\/\/dhknaack.de\/?page_id=501"},"modified":"2018-03-21T13:33:44","modified_gmt":"2018-03-21T12:33:44","slug":"unfallhergang-nicht-klar","status":"publish","type":"page","link":"https:\/\/dhknaack.de\/index.php\/unfallhergang-nicht-klar\/","title":{"rendered":"Unfallhergang nicht klar"},"content":{"rendered":"<p><strong>Kfz Versicherung muss bei Verdacht auf Trickserei nicht zahlen <\/strong><\/p>\n<p>29 Mai, 2017<\/p>\n<p><em>Nicht jeder Verkehrsunfall geschieht zuf\u00e4llig, doch fingierte Zusammenst\u00f6\u00dfe sind nur schwer eindeutig nachzuweisen.<\/em><\/p>\n<p>Das ist auch gar nicht n\u00f6tig, um den Betr\u00fcgern das Wasser abzugraben &#8211; also eine Regulierung des Schadens zu verweigern. Das d\u00fcrfen Versicherungen laut einem Urteil des Oberlandesgerichts Saarbr\u00fccken (AZ: 4 U 96\/15) bereits bei einem begr\u00fcndeten Verdacht.<\/p>\n<p>Im verhandelten Fall war es zu einer Kollision auf einem Parkplatz gekommen, bei der laut dem Deutschen Anwaltverein (DAV) ein betr\u00e4chtlicher Schaden an einem hochwertigen, aber in die Jahre gekommenen Auto entstand. Der Verursacher dagegen fuhr ein &#8220;altes und geringwertiges&#8221; Auto mit rotem Kennzeichen, das zudem einen selbstgeflickten Vorschaden hatte. Die herbeigerufene Polizei nahm den Schaden und die Aussagen der Beteiligten auf &#8211; unter anderem auch, dass sich die Betroffenen nicht kennen.<\/p>\n<p>Die beteiligte Versicherung wurde stutzig und beauftragte eine Detektei. Die fand heraus, dass sich die Beteiligten doch kannten. Zudem habe die Halterin auch nicht zweifelsfrei erkl\u00e4ren k\u00f6nnen, wie sie das Auto angeschafft hatte. Diese Indizien gen\u00fcgten den Richtern zweier Instanzen, an einem &#8220;echten&#8221; Unfall zu zweifeln. Daran \u00e4ndere auch der Umstand nichts, dass die Polizei gerufen wurde. Weil au\u00dferdem keine neutralen Zeugen benannt werden konnten, obwohl sich der Unfall auf einem belebten Parkplatz ereignet hatte, musste die Autoversicherung den Schaden letztlich nicht regulieren. mid\/ts<\/p>\n<p>Quelle : KFZ-Auskunft.de<\/p>\n<p>&nbsp;<\/p>\n<h4 style=\"text-align: center;\"><span style=\"color: #000000;\"><a style=\"color: #000000;\" href=\"http:\/\/dhknaack.de\/index.php\/agb\/\">AGB<\/a> | <a style=\"color: #000000;\" href=\"http:\/\/dhknaack.de\/index.php\/impressum\/\">Impressum<\/a> | <\/span><a href=\"http:\/\/dhknaack.de\/index.php\/download\/\"><span style=\"color: #000000;\">Download<\/span><\/a><\/h4>\n<div style=\"margin:10px 0 10px 0;\"><a href=\"whatsapp:\/\/send\" data-text=\"Unfallhergang nicht klar\" data-href=\"\" class=\"wa_btn wa_btn_l\" style=\"display:none\">Share<\/a><\/div>","protected":false},"excerpt":{"rendered":"<p>Kfz Versicherung muss bei Verdacht auf Trickserei nicht zahlen 29 Mai, 2017 Nicht jeder Verkehrsunfall geschieht zuf\u00e4llig, doch fingierte Zusammenst\u00f6\u00dfe sind nur schwer eindeutig nachzuweisen. Das ist auch gar nicht n\u00f6tig, um den Betr\u00fcgern das Wasser abzugraben &#8211; also eine Regulierung des Schadens zu verweigern. Das d\u00fcrfen Versicherungen laut einem Urteil des Oberlandesgerichts Saarbr\u00fccken (AZ: [&hellip;]<\/p>\n","protected":false},"author":1,"featured_media":0,"parent":0,"menu_order":0,"comment_status":"closed","ping_status":"closed","template":"","meta":{"footnotes":""},"class_list":["post-501","page","type-page","status-publish","hentry"],"_links":{"self":[{"href":"https:\/\/dhknaack.de\/index.php\/wp-json\/wp\/v2\/pages\/501","targetHints":{"allow":["GET"]}}],"collection":[{"href":"https:\/\/dhknaack.de\/index.php\/wp-json\/wp\/v2\/pages"}],"about":[{"href":"https:\/\/dhknaack.de\/index.php\/wp-json\/wp\/v2\/types\/page"}],"author":[{"embeddable":true,"href":"https:\/\/dhknaack.de\/index.php\/wp-json\/wp\/v2\/users\/1"}],"replies":[{"embeddable":true,"href":"https:\/\/dhknaack.de\/index.php\/wp-json\/wp\/v2\/comments?post=501"}],"version-history":[{"count":4,"href":"https:\/\/dhknaack.de\/index.php\/wp-json\/wp\/v2\/pages\/501\/revisions"}],"predecessor-version":[{"id":561,"href":"https:\/\/dhknaack.de\/index.php\/wp-json\/wp\/v2\/pages\/501\/revisions\/561"}],"wp:attachment":[{"href":"https:\/\/dhknaack.de\/index.php\/wp-json\/wp\/v2\/media?parent=501"}],"curies":[{"name":"wp","href":"https:\/\/api.w.org\/{rel}","templated":true}]}}