{"id":497,"date":"2018-03-19T12:29:55","date_gmt":"2018-03-19T11:29:55","guid":{"rendered":"http:\/\/dhknaack.de\/?page_id=497"},"modified":"2018-03-21T13:32:46","modified_gmt":"2018-03-21T12:32:46","slug":"verkehrsunfall-im-ausland","status":"publish","type":"page","link":"https:\/\/dhknaack.de\/index.php\/verkehrsunfall-im-ausland\/","title":{"rendered":"Verkehrsunfall im Ausland"},"content":{"rendered":"<h1>Verkehrsunfall im Ausland: Blo\u00df nichts zugeben!<\/h1>\n<p>27 Juni, 2017<\/p>\n<p><em>Die wichtigste Regel bei einem Verkehrsunfall im Ausland: Immer die Polizei holen &#8211; und gar nichts zugeben.<\/em><\/p>\n<div align=\"left\">\n<div><\/div>\n<div class=\"newstextabst\">\n<p>Die Feriensaison beginnt und damit die Zeit, in der Millionen von deutschen Urlaubern im Ausland unterwegs sind &#8211; meist mit dem Auto. Schlimm genug, wenn man dabei in einen Unfall verwickelt wird. Aber das kann im schlimmsten Fall erst der Anfang eines nervt\u00f6tenden Verfahrens sein. Wie man sich dagegen sch\u00fctzen kann, wissen die ARAG Experten.<\/p>\n<p>Wichtigste Regel, wenn ein Unfall passiert ist:<br \/>\nAuf keinen Fall eine Schuldanerkenntnis abgeben und unbedingt die Polizei rufen.<\/p>\n<p>Ist das gegnerische Fahrzeug im Ausland zugelassen, nach einem Versicherungsnachweis oder der &#8220;Gr\u00fcnen Karte&#8221; fragen. &#8220;Fotografieren Sie mit dem Handy oder einer Kamera die Unfallstelle und einzelne Details&#8221;, so der Experten-Tipp.<\/p>\n<p>Wichtig ist es, den &#8220;Europ\u00e4ischen Unfallbericht&#8221; auszuf\u00fcllen und den Schaden umgehend der eigenen Autohaftpflichtversicherung zu melden, die Frist betr\u00e4gt eine Woche.<\/p>\n<p>Das gilt auch dann, wenn der andere f\u00fcr den Unfall verantwortlich zu sein scheint. Die Schadensregulierung l\u00e4sst sich am einfachsten von zu Hause aus \u00fcber den Zentralruf der Autoversicherer (bundeseinheitliche Nummer: 0800\/250 260 0) organisieren. mid\/rhu<\/p>\n<p>&nbsp;<\/p>\n<\/div>\n<p>Quelle : KFZ-Auskunft.de<\/p>\n<\/div>\n<p>&nbsp;<\/p>\n<h4 style=\"text-align: center;\"><span style=\"color: #000000;\"><a style=\"color: #000000;\" href=\"http:\/\/dhknaack.de\/index.php\/agb\/\">AGB<\/a> | <a style=\"color: #000000;\" href=\"http:\/\/dhknaack.de\/index.php\/impressum\/\">Impressum<\/a> | <\/span><a href=\"http:\/\/dhknaack.de\/index.php\/download\/\"><span style=\"color: #000000;\">Download<\/span><\/a><\/h4>\n<div style=\"margin:10px 0 10px 0;\"><a href=\"whatsapp:\/\/send\" data-text=\"Verkehrsunfall im Ausland\" data-href=\"\" class=\"wa_btn wa_btn_l\" style=\"display:none\">Share<\/a><\/div>","protected":false},"excerpt":{"rendered":"<p>Verkehrsunfall im Ausland: Blo\u00df nichts zugeben! 27 Juni, 2017 Die wichtigste Regel bei einem Verkehrsunfall im Ausland: Immer die Polizei holen &#8211; und gar nichts zugeben. Die Feriensaison beginnt und damit die Zeit, in der Millionen von deutschen Urlaubern im Ausland unterwegs sind &#8211; meist mit dem Auto. Schlimm genug, wenn man dabei in einen [&hellip;]<\/p>\n","protected":false},"author":1,"featured_media":0,"parent":0,"menu_order":0,"comment_status":"closed","ping_status":"closed","template":"","meta":{"footnotes":""},"class_list":["post-497","page","type-page","status-publish","hentry"],"_links":{"self":[{"href":"https:\/\/dhknaack.de\/index.php\/wp-json\/wp\/v2\/pages\/497","targetHints":{"allow":["GET"]}}],"collection":[{"href":"https:\/\/dhknaack.de\/index.php\/wp-json\/wp\/v2\/pages"}],"about":[{"href":"https:\/\/dhknaack.de\/index.php\/wp-json\/wp\/v2\/types\/page"}],"author":[{"embeddable":true,"href":"https:\/\/dhknaack.de\/index.php\/wp-json\/wp\/v2\/users\/1"}],"replies":[{"embeddable":true,"href":"https:\/\/dhknaack.de\/index.php\/wp-json\/wp\/v2\/comments?post=497"}],"version-history":[{"count":3,"href":"https:\/\/dhknaack.de\/index.php\/wp-json\/wp\/v2\/pages\/497\/revisions"}],"predecessor-version":[{"id":560,"href":"https:\/\/dhknaack.de\/index.php\/wp-json\/wp\/v2\/pages\/497\/revisions\/560"}],"wp:attachment":[{"href":"https:\/\/dhknaack.de\/index.php\/wp-json\/wp\/v2\/media?parent=497"}],"curies":[{"name":"wp","href":"https:\/\/api.w.org\/{rel}","templated":true}]}}