{"id":399,"date":"2018-03-14T19:46:17","date_gmt":"2018-03-14T18:46:17","guid":{"rendered":"http:\/\/dhknaack.de\/?page_id=399"},"modified":"2018-03-28T17:31:26","modified_gmt":"2018-03-28T15:31:26","slug":"was-tun-bei-einem-unfall","status":"publish","type":"page","link":"https:\/\/dhknaack.de\/index.php\/was-tun-bei-einem-unfall\/","title":{"rendered":"Was Tun bei einem Unfall"},"content":{"rendered":"<h5><\/h5>\n<h5><span style=\"color: #000000;\"><strong><a style=\"color: #000000;\" href=\"http:\/\/dhknaack.de\/index.php\/verkehrsrecht\/\">Was tun, wenn es kracht?<\/a> &#8211;<\/strong> <\/span><\/h5>\n<p style=\"text-align: justify;\">F\u00fcr einen reibungslosen Ablauf der anschlie\u00dfenden Schadenregulierung bietet das europ\u00e4ische Unfallbericht-Formular eine gro\u00dfe Erleichterung. Wichtig hierbei ist, wer in Deutschland den Verkehrsunfallbericht-Bogen am Ende unterschreibt, gibt keine Schuldbekenntnis ab.<\/p>\n<h5 style=\"text-align: justify;\"><a title=\"\" href=\"http:\/\/dhknaack.de\/index.php\/verkehrsunfall-im-ausland\/\" target=\"_blank\" rel=\"noopener\"><span style=\"color: #000000;\">Autounfall im Ausland &#8211; Tipp Schadensregulierung<\/span><\/a> &#8211;<\/h5>\n<p style=\"text-align: justify;\">Das Formular &#8220;Europ\u00e4ischer Unfallbericht&#8221; sollten Sie auf jeden Fall ausf\u00fcllen und den Schaden umgehend der eigenen Haftpflichtversicherung melden. Die Frist hierf\u00fcr betr\u00e4gt eine Woche. Dies gilt auch dann, wenn es den Anschein macht, dass der andere Verkehrsteilnehmer f\u00fcr den Unfall verantwortlich ist. Die Schadensregulierung l\u00e4sst sich am einfachsten von zu Hause aus \u00fcber den Zentralruf der Autoversicherer (bundeseinheitliche Telefonnummer: 0800\/250 260 0) abwickeln.<\/p>\n<h5 style=\"text-align: justify;\"><span style=\"color: #000000;\"><a style=\"color: #000000;\" title=\"\" href=\"http:\/\/dhknaack.de\/index.php\/unfallhergang-nicht-klar\/\" target=\"_blank\" rel=\"noopener\">Nicht jeder Verkehrsunfall geschieht zuf\u00e4llig<\/a><\/span> &#8211;<\/h5>\n<p>In dem verhandelten Fall (Gerichtsurteil des Oberlandesgerichts Saarbr\u00fccken AZ: 4 U 96\/15) hilft auch ein Unfallbericht nicht weiter. Hier fand n\u00e4mlich die Polizei heraus, dass sich die Unfallbeteiligten kannten und der Zusammensto\u00df nur vorget\u00e4uscht war. Der Kfz Versicherer verweigerte daraufhin die Schadensregulierung.<\/p>\n<h5><span style=\"color: #000000;\"><a style=\"color: #000000;\" title=\"\" href=\"https:\/\/www.kfz-auskunft.de\/news\/23317.html\" target=\"_blank\" rel=\"noopener\">So verhalten Sie sich richtig nach einem Unfall <\/a><\/span>&#8211;<\/h5>\n<p style=\"text-align: justify;\"><span style=\"color: #000000;\">Die Unfallbeteiligten sollten die Unfallstelle fotografieren, die Personalien austauschen und sich die Adressen der Zeugen geben lassen. Wenn m\u00f6glich, sollte man den Unfallbericht und die Unfallskizze gemeinsam ausf\u00fcllen, dabei sollte kein Schuldanerkenntnis abgegeben werden.<\/span><br \/>\n<span style=\"color: #000000;\"> EU Unfallbericht Gro\u00dfbritannien &#8211; Der Gesamtverband der Deutschen Versicherungswirtschaft (GDV) weist daraufhin, Autofahrer, die in England unterwegs sind oder kurz vor dem Start in den Urlaub stehen, weiterhin den Europ\u00e4ischen Unfallbericht mit sich f\u00fchren sollten. Die Brexit-Entscheidung \u00e4ndert nichts daran, dass das Formular bei einem Autounfall die einfachste M\u00f6glichkeit ist, den Schaden zu dokumentieren.<\/span><\/p>\n<p>&nbsp;<\/p>\n<p>Quelle : KFZ-Auskunft.de<\/p>\n<p>&nbsp;<\/p>\n<h4 style=\"text-align: center;\"><span style=\"color: #000000;\"><a style=\"color: #000000;\" href=\"http:\/\/dhknaack.de\/index.php\/agb\/\">AGB<\/a> | <a style=\"color: #000000;\" href=\"http:\/\/dhknaack.de\/index.php\/impressum\/\">Impressum<\/a> | <\/span><a href=\"http:\/\/dhknaack.de\/index.php\/download\/\"><span style=\"color: #000000;\">Download<\/span><\/a><\/h4>\n<div style=\"margin:10px 0 10px 0;\"><a href=\"whatsapp:\/\/send\" data-text=\"Was Tun bei einem Unfall\" data-href=\"\" class=\"wa_btn wa_btn_l\" style=\"display:none\">Share<\/a><\/div>","protected":false},"excerpt":{"rendered":"<p>Was tun, wenn es kracht? &#8211; F\u00fcr einen reibungslosen Ablauf der anschlie\u00dfenden Schadenregulierung bietet das europ\u00e4ische Unfallbericht-Formular eine gro\u00dfe Erleichterung. Wichtig hierbei ist, wer in Deutschland den Verkehrsunfallbericht-Bogen am Ende unterschreibt, gibt keine Schuldbekenntnis ab. Autounfall im Ausland &#8211; Tipp Schadensregulierung &#8211; Das Formular &#8220;Europ\u00e4ischer Unfallbericht&#8221; sollten Sie auf jeden Fall ausf\u00fcllen und den Schaden [&hellip;]<\/p>\n","protected":false},"author":1,"featured_media":0,"parent":0,"menu_order":0,"comment_status":"closed","ping_status":"closed","template":"","meta":{"footnotes":""},"class_list":["post-399","page","type-page","status-publish","hentry"],"_links":{"self":[{"href":"https:\/\/dhknaack.de\/index.php\/wp-json\/wp\/v2\/pages\/399","targetHints":{"allow":["GET"]}}],"collection":[{"href":"https:\/\/dhknaack.de\/index.php\/wp-json\/wp\/v2\/pages"}],"about":[{"href":"https:\/\/dhknaack.de\/index.php\/wp-json\/wp\/v2\/types\/page"}],"author":[{"embeddable":true,"href":"https:\/\/dhknaack.de\/index.php\/wp-json\/wp\/v2\/users\/1"}],"replies":[{"embeddable":true,"href":"https:\/\/dhknaack.de\/index.php\/wp-json\/wp\/v2\/comments?post=399"}],"version-history":[{"count":25,"href":"https:\/\/dhknaack.de\/index.php\/wp-json\/wp\/v2\/pages\/399\/revisions"}],"predecessor-version":[{"id":581,"href":"https:\/\/dhknaack.de\/index.php\/wp-json\/wp\/v2\/pages\/399\/revisions\/581"}],"wp:attachment":[{"href":"https:\/\/dhknaack.de\/index.php\/wp-json\/wp\/v2\/media?parent=399"}],"curies":[{"name":"wp","href":"https:\/\/api.w.org\/{rel}","templated":true}]}}