{"id":381,"date":"2018-03-14T18:56:46","date_gmt":"2018-03-14T17:56:46","guid":{"rendered":"http:\/\/dhknaack.de\/?page_id=381"},"modified":"2018-03-21T13:28:44","modified_gmt":"2018-03-21T12:28:44","slug":"ueber-uns","status":"publish","type":"page","link":"https:\/\/dhknaack.de\/index.php\/ueber-uns\/","title":{"rendered":"\u00dcber mich"},"content":{"rendered":"<h4><span style=\"color: #000000;\">\u00dcber mich<\/span><br \/>\n<span style=\"color: #000000;\"> Beruf: staatl. gepr\u00fcfter Karosserie- und Fahrzeugbautechniker und Karosserie-Baumeister<\/span><br \/>\n<span style=\"color: #000000;\"> Seit 1977 als freier unabh\u00e4ngiger KFZ-Sachverst\u00e4ndiger t\u00e4tig und nicht weisungsgebunden durch<\/span><br \/>\n<span style=\"color: #000000;\"> Versicherungsgesellschaften<\/span><br \/>\n<span style=\"color: #000000;\"> Bef\u00e4higungsnachweis mit der Berufsbezeichnung anerkannter Sachverst\u00e4ndiger nach den<\/span><br \/>\n<span style=\"color: #000000;\"> Pr\u00fcfungskriterien der Berufsverb\u00e4nde VKS und BVSK.<\/span><\/h4>\n<h4><span style=\"color: #000000;\">Standort: 66459 Kirkel Bayrisch-Kohlhof, Michelstr. 22a<\/span><br \/>\n<span style=\"color: #000000;\"> 800 m von der Autobahnanschlussstelle Neunkirchen-Kohlhof entfernt<\/span><\/h4>\n<p>&nbsp;<\/p>\n<h4 style=\"text-align: center;\"><span style=\"color: #000000;\"><a style=\"color: #000000;\" href=\"http:\/\/dhknaack.de\/index.php\/agb\/\">AGB<\/a> | <a style=\"color: #000000;\" href=\"http:\/\/dhknaack.de\/index.php\/impressum\/\">Impressum<\/a> | <\/span><a href=\"http:\/\/dhknaack.de\/index.php\/download\/\"><span style=\"color: #000000;\">Download<\/span><\/a><\/h4>\n<div style=\"margin:10px 0 10px 0;\"><a href=\"whatsapp:\/\/send\" data-text=\"\u00dcber mich\" data-href=\"\" class=\"wa_btn wa_btn_l\" style=\"display:none\">Share<\/a><\/div>","protected":false},"excerpt":{"rendered":"<p>\u00dcber mich Beruf: staatl. gepr\u00fcfter Karosserie- und Fahrzeugbautechniker und Karosserie-Baumeister Seit 1977 als freier unabh\u00e4ngiger KFZ-Sachverst\u00e4ndiger t\u00e4tig und nicht weisungsgebunden durch Versicherungsgesellschaften Bef\u00e4higungsnachweis mit der Berufsbezeichnung anerkannter Sachverst\u00e4ndiger nach den Pr\u00fcfungskriterien der Berufsverb\u00e4nde VKS und BVSK. Standort: 66459 Kirkel Bayrisch-Kohlhof, Michelstr. 22a 800 m von der Autobahnanschlussstelle Neunkirchen-Kohlhof entfernt &nbsp; AGB | Impressum | Download [&hellip;]<\/p>\n","protected":false},"author":1,"featured_media":0,"parent":0,"menu_order":0,"comment_status":"closed","ping_status":"closed","template":"","meta":{"footnotes":""},"class_list":["post-381","page","type-page","status-publish","hentry"],"_links":{"self":[{"href":"https:\/\/dhknaack.de\/index.php\/wp-json\/wp\/v2\/pages\/381","targetHints":{"allow":["GET"]}}],"collection":[{"href":"https:\/\/dhknaack.de\/index.php\/wp-json\/wp\/v2\/pages"}],"about":[{"href":"https:\/\/dhknaack.de\/index.php\/wp-json\/wp\/v2\/types\/page"}],"author":[{"embeddable":true,"href":"https:\/\/dhknaack.de\/index.php\/wp-json\/wp\/v2\/users\/1"}],"replies":[{"embeddable":true,"href":"https:\/\/dhknaack.de\/index.php\/wp-json\/wp\/v2\/comments?post=381"}],"version-history":[{"count":7,"href":"https:\/\/dhknaack.de\/index.php\/wp-json\/wp\/v2\/pages\/381\/revisions"}],"predecessor-version":[{"id":556,"href":"https:\/\/dhknaack.de\/index.php\/wp-json\/wp\/v2\/pages\/381\/revisions\/556"}],"wp:attachment":[{"href":"https:\/\/dhknaack.de\/index.php\/wp-json\/wp\/v2\/media?parent=381"}],"curies":[{"name":"wp","href":"https:\/\/api.w.org\/{rel}","templated":true}]}}